{"id":7,"date":"2010-11-30T15:56:23","date_gmt":"2010-11-30T14:56:23","guid":{"rendered":"http:\/\/val-baby.com\/?page_id=7"},"modified":"2010-12-01T12:44:07","modified_gmt":"2010-12-01T11:44:07","slug":"val-d%c2%b4isere","status":"publish","type":"page","link":"https:\/\/val-baby.com\/?page_id=7","title":{"rendered":"Val d\u00b4is\u00e8re"},"content":{"rendered":"<p style=\"text-align: left;\"><strong>\u00a0\u00bb Val d\u2019Is\u00e8re est l\u2019un des plus beaux sites de ski connu du monde entier\u00a0! \u00ab\u00a0<br \/>\n<\/strong><\/p>\n<p><a href=\"https:\/\/val-baby.com\/wp-content\/uploads\/2010\/11\/val-disere.jpg\"><img loading=\"lazy\" decoding=\"async\" class=\"alignright size-full wp-image-49\" title=\"Val d\u00b4Is\u00e8re ValBaby pu\u00e9riculture\" src=\"https:\/\/val-baby.com\/wp-content\/uploads\/2010\/11\/val-disere.jpg\" alt=\"\" width=\"391\" height=\"400\" srcset=\"https:\/\/val-baby.com\/wp-content\/uploads\/2010\/11\/val-disere.jpg 400w, https:\/\/val-baby.com\/wp-content\/uploads\/2010\/11\/val-disere-293x300.jpg 293w\" sizes=\"auto, (max-width: 391px) 100vw, 391px\" \/><\/a>C\u2019est aussi une station construite autour d\u2019un vrai village authentique, domin\u00e9 par son clocher du 12 \u00e8me si\u00e8cle, qui pointe sa  fl\u00e8che \u00e0 33 m\u00e8tres au dessus du sol.<br \/>\nSi sa population montagnarde a v\u00e9cu dans le pass\u00e9 d\u2019\u00e9levage, de chasse et de contrebande, elle a su s\u2019orienter d\u00e8s 1933 vers le  tourisme et plus particuli\u00e8rement vers le ski .<br \/>\nLes Avalins, l\u2019hiver se sont transform\u00e9s en moniteur de ski  apr\u00e8s avoir soign\u00e9 leurs b\u00eates et assur\u00e9 le travail matinal  de la ferme .<br \/>\nPuis le pays a grandi sous l\u2019impulsion d\u2019un homme venu de l\u2019ext\u00e9rieur entra\u00eenant la municipalit\u00e9.<br \/>\nLa montagne avec son magnifique relief a \u00e9t\u00e9 \u00e9quip\u00e9e de multiples  remont\u00e9es m\u00e9caniques, des pistes ont \u00e9t\u00e9 trac\u00e9es, et des champions ont fait la renomm\u00e9e internationale              de Val  d\u2019Is\u00e8re .<br \/>\nIls ont pour noms Henri Oreiller champion Olympique en 1948 et les               suivants   Jean Claude Killy, Marielle et Christine Goitchelle               .<br \/>\nAujourd\u2019hui, la station a compl\u00e9t\u00e9 ses \u00e9quipements, pour permettre               \u00e0 la client\u00e8le de profiter agr\u00e9ablement de l\u2019apr\u00e8s ski,\u00a0:  piscine,\u00a0              cin\u00e9ma, salle de conf\u00e9rences, bars, salons de  th\u00e9s discoth\u00e8ques              salle de jeux\u2026\u2026<\/p>\n<div>Un s\u00e9jour de r\u00eaves vous attend, avec des navettes gratuites pour                 tous, du ski sur des pistes de velours ou hors\u00a0                 pistes avec une belle neige vierge d\u2019altitude<\/div>\n","protected":false},"excerpt":{"rendered":"<p>\u00a0\u00bb Val d\u2019Is\u00e8re est l\u2019un des plus beaux sites de ski connu du monde entier\u00a0! \u00ab\u00a0 C\u2019est aussi une station construite autour d\u2019un vrai village authentique, domin\u00e9 par son clocher du 12 \u00e8me si\u00e8cle, qui pointe sa fl\u00e8che \u00e0 33 m\u00e8tres au dessus du sol. Si sa population montagnarde a v\u00e9cu dans le pass\u00e9 d\u2019\u00e9levage, [&hellip;]<\/p>\n","protected":false},"author":1,"featured_media":0,"parent":0,"menu_order":0,"comment_status":"closed","ping_status":"closed","template":"template-full.php","meta":{"footnotes":""},"class_list":["post-7","page","type-page","status-publish","hentry"],"_links":{"self":[{"href":"https:\/\/val-baby.com\/index.php?rest_route=\/wp\/v2\/pages\/7","targetHints":{"allow":["GET"]}}],"collection":[{"href":"https:\/\/val-baby.com\/index.php?rest_route=\/wp\/v2\/pages"}],"about":[{"href":"https:\/\/val-baby.com\/index.php?rest_route=\/wp\/v2\/types\/page"}],"author":[{"embeddable":true,"href":"https:\/\/val-baby.com\/index.php?rest_route=\/wp\/v2\/users\/1"}],"replies":[{"embeddable":true,"href":"https:\/\/val-baby.com\/index.php?rest_route=%2Fwp%2Fv2%2Fcomments&post=7"}],"version-history":[{"count":0,"href":"https:\/\/val-baby.com\/index.php?rest_route=\/wp\/v2\/pages\/7\/revisions"}],"wp:attachment":[{"href":"https:\/\/val-baby.com\/index.php?rest_route=%2Fwp%2Fv2%2Fmedia&parent=7"}],"curies":[{"name":"wp","href":"https:\/\/api.w.org\/{rel}","templated":true}]}}