{"id":506,"date":"2012-11-08T21:27:05","date_gmt":"2012-11-08T20:27:05","guid":{"rendered":"http:\/\/val-baby.com\/?page_id=506"},"modified":"2020-07-29T09:36:37","modified_gmt":"2020-07-29T08:36:37","slug":"nos-engagements","status":"publish","type":"page","link":"https:\/\/val-baby.com\/?page_id=506","title":{"rendered":"Conditions g\u00e9n\u00e9rales de location"},"content":{"rendered":"<p>Conditions G\u00e9n\u00e9rales de Location de Mat\u00e9riel<\/p>\n<p>Article 1 : ACTIVITE DE LOCATION<br \/>\nVal Baby propose un service de location et de livraison de mat\u00e9riel de pu\u00e9riculture, dans la limite des stocks disponibles, sur la station de Val d&rsquo;Is\u00e8re.<\/p>\n<p>Article 2 : LE MATERIEL DE LOCATION<br \/>\nVal Baby s\u2019engage \u00e0 louer du mat\u00e9riel en parfait \u00e9tat d\u2019hygi\u00e8ne, de s\u00e9curit\u00e9 (respect des normes en vigueur) et de fonctionnement.<br \/>\nLe mat\u00e9riel lou\u00e9 est nettoy\u00e9 et d\u00e9sinfect\u00e9 soigneusement entre chaque location.<br \/>\nLes photographies des produits pr\u00e9sent\u00e9s sur le site ne sont pas contractuelles. Cependant, les variations sont minimes (diff\u00e9rences de coloris).<\/p>\n<p>Article 3 : DUR\u00c9E DE LOCATION<br \/>\nLa p\u00e9riode de location est de 1 jour minimum. La location prend effet au moment o\u00f9 le mat\u00e9riel est mis \u00e0 la disposition du locataire.<br \/>\nLa location prend fin le jour o\u00f9 le mat\u00e9riel est restitu\u00e9 par le locataire. Toute journ\u00e9e entam\u00e9e est due.<br \/>\nL\u2019int\u00e9gralit\u00e9 de la dur\u00e9e de location est factur\u00e9e au locataire quels que soient les \u00e9v\u00e9nements venant r\u00e9duire le nombre de jours de location.<\/p>\n<p>Article 4 : MISE A DISPOSITION DU MATERIEL<br \/>\nLe locataire reconna\u00eet avoir re\u00e7u le mat\u00e9riel lou\u00e9 propre, en bon \u00e9tat d\u2019utilisation, avec les accessoires n\u00e9cessaires et d\u00e9sign\u00e9s.<br \/>\nSur rendez vous uniquement.<\/p>\n<p>Article 5 : USAGE DU MAT\u00c9RIEL LOU\u00c9<br \/>\n&#8211; Obligations du loueur : Le loueur s\u2019oblige \u00e0 d\u00e9livrer le mat\u00e9riel lou\u00e9, \u00e0 l\u2019entretenir en fonction de l\u2019usage pour lequel il est lou\u00e9, et de le r\u00e9parer en cas d\u2019accidents survenus en dehors de l\u2019usure normale. Le loueur garantit au locataire tous les vices et d\u00e9fauts de la chose lou\u00e9e qui emp\u00eache l\u2019usage normal de celle-ci, mais, il ne garantit pas les vices cach\u00e9s.<br \/>\n&#8211; Obligations du locataire : Le locataire est tenu de prot\u00e9ger le mat\u00e9riel lou\u00e9 contre toute d\u00e9gradation. Val Baby proc\u00e9dera \u00e0 une v\u00e9rification de l\u2019\u00e9tat de fonctionnement du mat\u00e9riel apr\u00e8s chaque location. Le locataire doit utiliser le mat\u00e9riel conform\u00e9ment \u00e0 sa destination et aux r\u00e9glementations en vigueur. Le locataire s\u2019engage \u00e0 maintenir constamment le mat\u00e9riel en bon \u00e9tat de marche, l\u2019utiliser et l\u2019entretenir selon les prescriptions d\u2019usage en respectant les consignes de s\u00e9curit\u00e9. Le locataire s\u2019interdit toutes modifications, tous am\u00e9nagements ou toutes transformations du mat\u00e9riel lou\u00e9. Le locataire s\u2019interdit de pr\u00eater, de vendre ou de sous-louer le mat\u00e9riel lou\u00e9.<\/p>\n<p>Article 6 : RESPONSABILIT\u00c9 DU LOCATAIRE<br \/>\nLe Client devra assurer la propret\u00e9 et l\u2019hygi\u00e8ne du mat\u00e9riel mis \u00e0 sa disposition et le restituer dans l\u2019\u00e9tat dans lequel il lui a \u00e9t\u00e9 remis. Si, lors de sa restitution, le mat\u00e9riel est endommag\u00e9 (tissus tach\u00e9s, lani\u00e8res arrach\u00e9es, ch\u00e2ssis caboss\u00e9, roues crev\u00e9es, &#8230;), le client sera redevable d\u2019une somme correspondant au montant des r\u00e9parations \u00e0 effectuer.<\/p>\n<p>Article 7 : CLAUSE LIMITATIVE DE RESPONSABILIT\u00c9<br \/>\n&#8211; Vol \/ Perte : le locataire est responsable en cas de vol ou de perte du mat\u00e9riel lou\u00e9. Val Baby d\u00e9cline toute responsabilit\u00e9 et le client sera redevable d\u2019une somme correspondant au mat\u00e9riel.<br \/>\n&#8211; Mauvaises utilisations du mat\u00e9riel : la Soci\u00e9t\u00e9 Val Baby ne peut en aucun cas \u00eatre tenue pour responsable des dommages caus\u00e9s \u00e0 toutes personnes ou \u00e0 tous biens quelconques suite \u00e0 une mauvaise utilisation du mat\u00e9riel en cause.<\/p>\n<p>Val Baby 0609101317 VAL D\u2019ISERE<\/p>\n","protected":false},"excerpt":{"rendered":"<p>Conditions G\u00e9n\u00e9rales de Location de Mat\u00e9riel Article 1 : ACTIVITE DE LOCATION Val Baby propose un service de location et de livraison de mat\u00e9riel de pu\u00e9riculture, dans la limite des stocks disponibles, sur la station de Val d&rsquo;Is\u00e8re. Article 2 : LE MATERIEL DE LOCATION Val Baby s\u2019engage \u00e0 louer du mat\u00e9riel en parfait \u00e9tat [&hellip;]<\/p>\n","protected":false},"author":4,"featured_media":0,"parent":0,"menu_order":0,"comment_status":"closed","ping_status":"closed","template":"template-full.php","meta":{"footnotes":""},"class_list":["post-506","page","type-page","status-publish","hentry"],"_links":{"self":[{"href":"https:\/\/val-baby.com\/index.php?rest_route=\/wp\/v2\/pages\/506","targetHints":{"allow":["GET"]}}],"collection":[{"href":"https:\/\/val-baby.com\/index.php?rest_route=\/wp\/v2\/pages"}],"about":[{"href":"https:\/\/val-baby.com\/index.php?rest_route=\/wp\/v2\/types\/page"}],"author":[{"embeddable":true,"href":"https:\/\/val-baby.com\/index.php?rest_route=\/wp\/v2\/users\/4"}],"replies":[{"embeddable":true,"href":"https:\/\/val-baby.com\/index.php?rest_route=%2Fwp%2Fv2%2Fcomments&post=506"}],"version-history":[{"count":3,"href":"https:\/\/val-baby.com\/index.php?rest_route=\/wp\/v2\/pages\/506\/revisions"}],"predecessor-version":[{"id":647,"href":"https:\/\/val-baby.com\/index.php?rest_route=\/wp\/v2\/pages\/506\/revisions\/647"}],"wp:attachment":[{"href":"https:\/\/val-baby.com\/index.php?rest_route=%2Fwp%2Fv2%2Fmedia&parent=506"}],"curies":[{"name":"wp","href":"https:\/\/api.w.org\/{rel}","templated":true}]}}