{"id":497,"date":"2012-11-08T21:05:43","date_gmt":"2012-11-08T20:05:43","guid":{"rendered":"http:\/\/val-baby.com\/?page_id=497"},"modified":"2024-10-07T18:09:41","modified_gmt":"2024-10-07T17:09:41","slug":"nos-bonnes-adresses","status":"publish","type":"page","link":"https:\/\/val-baby.com\/?page_id=497","title":{"rendered":"Nos bonnes adresses"},"content":{"rendered":"<p>Voici les bonnes adresses de VAL BABY sur Val d&rsquo;Is\u00e8re :<\/p>\n<p>Magasin de location de ski <a href=\"https:\/\/www.jeansports.com\/fr\/\" target=\"_blank\" rel=\"noopener\">Jean Sport<\/a><\/p>\n<p><a href=\"https:\/\/www.facebook.com\/photo\/?fbid=588740393042680&#038;set=a.588740346376018\/\" target=\"_blank\" rel=\"noopener\"> UNPLUGGED<\/a> Val d&rsquo;Is\u00e8re Location Snowboard \/ Vente textile, Mat\u00e9riel \/ Location v\u00eatements de Ski<\/p>\n<p>H\u00f4tel les <a href=\"https:\/\/www.les5freres.com\/\" target=\"_blank\" rel=\"noopener\">5 fr\u00e8res<\/a><\/p>\n<p>Location d&rsquo;<a href=\"http:\/\/www.location-appartement-valdisere.com\" target=\"_blank\" rel=\"noopener\">appartements sur Val d&rsquo;Is\u00e8re<\/a><\/p>\n","protected":false},"excerpt":{"rendered":"<p>Voici les bonnes adresses de VAL BABY sur Val d&rsquo;Is\u00e8re : Magasin de location de ski Jean Sport UNPLUGGED Val d&rsquo;Is\u00e8re Location Snowboard \/ Vente textile, Mat\u00e9riel \/ Location v\u00eatements de Ski H\u00f4tel les 5 fr\u00e8res Location d&rsquo;appartements sur Val d&rsquo;Is\u00e8re<\/p>\n","protected":false},"author":4,"featured_media":0,"parent":0,"menu_order":0,"comment_status":"closed","ping_status":"closed","template":"template-full.php","meta":{"footnotes":""},"class_list":["post-497","page","type-page","status-publish","hentry"],"_links":{"self":[{"href":"https:\/\/val-baby.com\/index.php?rest_route=\/wp\/v2\/pages\/497","targetHints":{"allow":["GET"]}}],"collection":[{"href":"https:\/\/val-baby.com\/index.php?rest_route=\/wp\/v2\/pages"}],"about":[{"href":"https:\/\/val-baby.com\/index.php?rest_route=\/wp\/v2\/types\/page"}],"author":[{"embeddable":true,"href":"https:\/\/val-baby.com\/index.php?rest_route=\/wp\/v2\/users\/4"}],"replies":[{"embeddable":true,"href":"https:\/\/val-baby.com\/index.php?rest_route=%2Fwp%2Fv2%2Fcomments&post=497"}],"version-history":[{"count":5,"href":"https:\/\/val-baby.com\/index.php?rest_route=\/wp\/v2\/pages\/497\/revisions"}],"predecessor-version":[{"id":2582,"href":"https:\/\/val-baby.com\/index.php?rest_route=\/wp\/v2\/pages\/497\/revisions\/2582"}],"wp:attachment":[{"href":"https:\/\/val-baby.com\/index.php?rest_route=%2Fwp%2Fv2%2Fmedia&parent=497"}],"curies":[{"name":"wp","href":"https:\/\/api.w.org\/{rel}","templated":true}]}}