{"id":442,"date":"2012-10-29T16:54:43","date_gmt":"2012-10-29T15:54:43","guid":{"rendered":"http:\/\/val-baby.com\/?page_id=442"},"modified":"2023-11-17T19:38:13","modified_gmt":"2023-11-17T18:38:13","slug":"combi-zip-red-castle","status":"publish","type":"page","link":"https:\/\/val-baby.com\/?page_id=442","title":{"rendered":"Combi ZIP RED CASTLE"},"content":{"rendered":"<table style=\"height: 154px;\" border=\"0\" cellspacing=\"0\" cellpadding=\"0\" width=\"881\">\n<tbody>\n<tr>\n<td valign=\"top\"><a rel=\"attachment wp-att-391\" href=\"https:\/\/val-baby.com\/?attachment_id=391\"><img loading=\"lazy\" decoding=\"async\" class=\"alignnone size-medium wp-image-391\" title=\"Val Baby, location de combi zip pour b\u00e9b\u00e9 \u00e0 Val d'Is\u00e8re\" src=\"https:\/\/val-baby.com\/wp-content\/uploads\/2010\/11\/ValBaby-location-CombiZip-bebe-300x300.jpg\" alt=\"Val Baby, location de combi zip pour b\u00e9b\u00e9 \u00e0 Val d'Is\u00e8re\" width=\"300\" height=\"300\" srcset=\"https:\/\/val-baby.com\/wp-content\/uploads\/2010\/11\/ValBaby-location-CombiZip-bebe-300x300.jpg 300w, https:\/\/val-baby.com\/wp-content\/uploads\/2010\/11\/ValBaby-location-CombiZip-bebe-150x150.jpg 150w, https:\/\/val-baby.com\/wp-content\/uploads\/2010\/11\/ValBaby-location-CombiZip-bebe.jpg 720w\" sizes=\"auto, (max-width: 300px) 100vw, 300px\" \/><\/a><br \/>\n<a href=\"https:\/\/val-baby.com\/wp-content\/uploads\/2010\/12\/poussette_high_fontpage.jpg\"> <\/a><\/td>\n<td valign=\"top\">\n<p style=\"text-align: left;\"><strong>Combi Zip RED CASTLE<\/strong><\/p>\n<p style=\"text-align: left;\">Douillettement ouatin\u00e9, doubl\u00e9 de tissu polaire, le Combizip&#x2122; est un nid d\u2019ange transformable ultra-pratique pour prot\u00e9ger votre enfant des  frimas.<\/p>\n<p style=\"text-align: left;\">Il permet d&rsquo;envelopper instantan\u00e9ment b\u00e9b\u00e9 sans le d\u00e9ranger, le garde  bien au chaud et lui apporte un confort maximal . Modulable par simple  jeu de fermetures \u00e0 glissi\u00e8res et de boutons pression, il passe de la  fonction \u00ab nid d&rsquo;ange \u00bb pour une utilisation en nacelle, \u00e0 celle de \u00ab\u00a0nid \u00e0 jambes\u00a0\u00bb pour les si\u00e8ges-auto, porte b\u00e9b\u00e9s, si\u00e8ges \u00e0 v\u00e9lo et  poussettes.<\/p>\n<p style=\"text-align: left;\"><strong>Prix : 4 \u20ac par jour  &#8211; 15 \u20ac par semaine<\/strong><\/p>\n<\/td>\n<td valign=\"top\"><\/td>\n<\/tr>\n<\/tbody>\n<\/table>\n<p><strong>R\u00e9servation par Email<\/strong><\/p>\n<div class=\"wpcf7 no-js\" id=\"wpcf7-f539-o1\" lang=\"en-US\" dir=\"ltr\" data-wpcf7-id=\"539\">\n<div class=\"screen-reader-response\">\n<p role=\"status\" aria-live=\"polite\" aria-atomic=\"true\">\n<ul><\/ul>\n<\/div>\n<form action=\"\/index.php?rest_route=%2Fwp%2Fv2%2Fpages%2F442#wpcf7-f539-o1\" method=\"post\" class=\"wpcf7-form init\" aria-label=\"Contact form\" novalidate=\"novalidate\" data-status=\"init\">\n<fieldset class=\"hidden-fields-container\"><input type=\"hidden\" name=\"_wpcf7\" value=\"539\" \/><input type=\"hidden\" name=\"_wpcf7_version\" value=\"6.1.5\" \/><input type=\"hidden\" name=\"_wpcf7_locale\" value=\"en_US\" \/><input type=\"hidden\" name=\"_wpcf7_unit_tag\" value=\"wpcf7-f539-o1\" \/><input type=\"hidden\" name=\"_wpcf7_container_post\" value=\"0\" \/><input type=\"hidden\" name=\"_wpcf7_posted_data_hash\" value=\"\" \/><input type=\"hidden\" name=\"_wpcf7_recaptcha_response\" value=\"\" \/><br \/>\n<\/fieldset>\n<p>Votre Nom \/ Prenom (obligatoire) <span class=\"wpcf7-form-control-wrap\" data-name=\"your-name\"><input size=\"40\" maxlength=\"400\" class=\"wpcf7-form-control wpcf7-text wpcf7-validates-as-required\" aria-required=\"true\" aria-invalid=\"false\" value=\"\" type=\"text\" name=\"your-name\" \/><\/span>\n<\/p>\n<p>Votre Email (obligatoire) <span class=\"wpcf7-form-control-wrap\" data-name=\"your-email\"><input size=\"40\" maxlength=\"400\" class=\"wpcf7-form-control wpcf7-email wpcf7-validates-as-required wpcf7-text wpcf7-validates-as-email\" aria-required=\"true\" aria-invalid=\"false\" value=\"\" type=\"email\" name=\"your-email\" \/><\/span>\n<\/p>\n<p>Date d\u00b4arriv\u00e9e (obligatoire) <span class=\"wpcf7-form-control-wrap\" data-name=\"datedebut\"><input size=\"40\" maxlength=\"400\" class=\"wpcf7-form-control wpcf7-text wpcf7-validates-as-required walcf7-datepicker\" aria-required=\"true\" aria-invalid=\"false\" placeholder=\"\" value=\"\" type=\"text\" name=\"datedebut\" \/><\/span> au <span class=\"wpcf7-form-control-wrap\" data-name=\"datefin\"><input size=\"40\" maxlength=\"400\" class=\"wpcf7-form-control wpcf7-text wpcf7-validates-as-required walcf7-datepicker\" aria-required=\"true\" aria-invalid=\"false\" placeholder=\"\" value=\"\" type=\"text\" name=\"datefin\" \/><\/span>\n<\/p>\n<p>Votre message et r\u00e9f\u00e9rence du produit voulu<br \/>\n<span class=\"wpcf7-form-control-wrap\" data-name=\"your-message\"><textarea cols=\"40\" rows=\"10\" maxlength=\"2000\" class=\"wpcf7-form-control wpcf7-textarea\" aria-invalid=\"false\" name=\"your-message\"><\/textarea><\/span>\n<\/p>\n<p><span class=\"wpcf7-form-control-wrap\" data-name=\"Confirmation\"><span class=\"wpcf7-form-control wpcf7-acceptance\"><span class=\"wpcf7-list-item\"><label><input type=\"checkbox\" name=\"Confirmation\" value=\"1\" aria-invalid=\"false\" \/><span class=\"wpcf7-list-item-label\">J&rsquo;accepte que mon adresse e-mail soit stock\u00e9e pour apporter une r\u00e9ponse.<\/span><\/label><\/span><\/span><\/span>\n<\/p>\n<p><input class=\"wpcf7-form-control wpcf7-submit has-spinner\" type=\"submit\" value=\"Envoyer\" \/>\n<\/p>\n<div class=\"wpcf7-response-output\" aria-hidden=\"true\"><\/div>\n<\/form>\n<\/div>\n","protected":false},"excerpt":{"rendered":"<p>Combi Zip RED CASTLE Douillettement ouatin\u00e9, doubl\u00e9 de tissu polaire, le Combizip&#x2122; est un nid d\u2019ange transformable ultra-pratique pour prot\u00e9ger votre enfant des frimas. Il permet d&rsquo;envelopper instantan\u00e9ment b\u00e9b\u00e9 sans le d\u00e9ranger, le garde bien au chaud et lui apporte un confort maximal . Modulable par simple jeu de fermetures \u00e0 glissi\u00e8res et de boutons [&hellip;]<\/p>\n","protected":false},"author":4,"featured_media":0,"parent":0,"menu_order":0,"comment_status":"closed","ping_status":"closed","template":"template-full.php","meta":{"footnotes":""},"class_list":["post-442","page","type-page","status-publish","hentry"],"_links":{"self":[{"href":"https:\/\/val-baby.com\/index.php?rest_route=\/wp\/v2\/pages\/442","targetHints":{"allow":["GET"]}}],"collection":[{"href":"https:\/\/val-baby.com\/index.php?rest_route=\/wp\/v2\/pages"}],"about":[{"href":"https:\/\/val-baby.com\/index.php?rest_route=\/wp\/v2\/types\/page"}],"author":[{"embeddable":true,"href":"https:\/\/val-baby.com\/index.php?rest_route=\/wp\/v2\/users\/4"}],"replies":[{"embeddable":true,"href":"https:\/\/val-baby.com\/index.php?rest_route=%2Fwp%2Fv2%2Fcomments&post=442"}],"version-history":[{"count":3,"href":"https:\/\/val-baby.com\/index.php?rest_route=\/wp\/v2\/pages\/442\/revisions"}],"predecessor-version":[{"id":2529,"href":"https:\/\/val-baby.com\/index.php?rest_route=\/wp\/v2\/pages\/442\/revisions\/2529"}],"wp:attachment":[{"href":"https:\/\/val-baby.com\/index.php?rest_route=%2Fwp%2Fv2%2Fmedia&parent=442"}],"curies":[{"name":"wp","href":"https:\/\/api.w.org\/{rel}","templated":true}]}}