{"id":2550,"date":"2024-09-10T15:36:30","date_gmt":"2024-09-10T14:36:30","guid":{"rendered":"https:\/\/val-baby.com\/?page_id=2550"},"modified":"2025-10-04T09:43:20","modified_gmt":"2025-10-04T08:43:20","slug":"poussette-double-ou-simple-hauck","status":"publish","type":"page","link":"https:\/\/val-baby.com\/?page_id=2550","title":{"rendered":"Poussette double ou simple hauck Freerider"},"content":{"rendered":"<table style=\"height: 154px;\" border=\"0\" cellspacing=\"0\" cellpadding=\"0\" width=\"881\">\n<tbody>\n<tr>\n<td valign=\"top\"><a href=\"https:\/\/val-baby.com\/wp-content\/uploads\/2024\/09\/pousette-double-ou-simple-hauck.jpg\"><\/a><a href=\"https:\/\/val-baby.com\/wp-content\/uploads\/2024\/09\/pousette-double-ou-simple-hauck.jpg\"><img loading=\"lazy\" decoding=\"async\" class=\"alignleft size-thumbnail wp-image-198\" title=\"Poussette double ou simple hauck Freerider\" src=\"https:\/\/val-baby.com\/wp-content\/uploads\/2024\/09\/pousette-double-ou-simple-hauck.jpg\" alt=\"\" width=\"150\" height=\"150\" \/><\/a><\/td>\n<td style=\"text-align: left;\" valign=\"top\"><strong>Poussette double ou simple hauck Freerider<\/strong><\/p>\n<p style=\"text-align: left;\"><strong> <\/strong>    Poussette double ou simple<br \/>\n    2 enfants jusqu\u2019\u00e0 36kg ou 1 seul<br \/>\n    Assises face route uniquement<br \/>\n    Dossier du si\u00e8ge principale inclinable et repose-pieds ajustable<br \/>\n    Dossier du si\u00e8ge secondaire avec position repos<br \/>\n    Deuxi\u00e8me si\u00e8ge amovible pour transformer la poussette en poussette simple<br \/>\n    Guidon r\u00e9glable en hauteur, selon votre taille<br \/>\n    Barre de s\u00e9curit\u00e9 amovible<br \/>\n    Harnais 5 points de s\u00e9curit\u00e9<br \/>\n    Frein p\u00e9dale<br \/>\n    Pliage facile<br \/><strong> Prix : 22 \u20ac par jour  &#8211; 130 \u20ac par semaine<\/strong><\/p>\n<\/td>\n<td style=\"text-align: left;\" valign=\"top\"><\/td>\n<\/tr>\n<\/tbody>\n<\/table>\n<p><strong>R\u00e9servation par Email<\/strong><\/p>\n<div class=\"wpcf7 no-js\" id=\"wpcf7-f539-o1\" lang=\"en-US\" dir=\"ltr\" data-wpcf7-id=\"539\">\n<div class=\"screen-reader-response\">\n<p role=\"status\" aria-live=\"polite\" aria-atomic=\"true\">\n<ul><\/ul>\n<\/div>\n<form action=\"\/index.php?rest_route=%2Fwp%2Fv2%2Fpages%2F2550#wpcf7-f539-o1\" method=\"post\" class=\"wpcf7-form init\" aria-label=\"Contact form\" novalidate=\"novalidate\" data-status=\"init\">\n<fieldset class=\"hidden-fields-container\"><input type=\"hidden\" name=\"_wpcf7\" value=\"539\" \/><input type=\"hidden\" name=\"_wpcf7_version\" value=\"6.1.5\" \/><input type=\"hidden\" name=\"_wpcf7_locale\" value=\"en_US\" \/><input type=\"hidden\" name=\"_wpcf7_unit_tag\" value=\"wpcf7-f539-o1\" \/><input type=\"hidden\" name=\"_wpcf7_container_post\" value=\"0\" \/><input type=\"hidden\" name=\"_wpcf7_posted_data_hash\" value=\"\" \/><input type=\"hidden\" name=\"_wpcf7_recaptcha_response\" value=\"\" \/><br \/>\n<\/fieldset>\n<p>Votre Nom \/ Prenom (obligatoire) <span class=\"wpcf7-form-control-wrap\" data-name=\"your-name\"><input size=\"40\" maxlength=\"400\" class=\"wpcf7-form-control wpcf7-text wpcf7-validates-as-required\" aria-required=\"true\" aria-invalid=\"false\" value=\"\" type=\"text\" name=\"your-name\" \/><\/span>\n<\/p>\n<p>Votre Email (obligatoire) <span class=\"wpcf7-form-control-wrap\" data-name=\"your-email\"><input size=\"40\" maxlength=\"400\" class=\"wpcf7-form-control wpcf7-email wpcf7-validates-as-required wpcf7-text wpcf7-validates-as-email\" aria-required=\"true\" aria-invalid=\"false\" value=\"\" type=\"email\" name=\"your-email\" \/><\/span>\n<\/p>\n<p>Date d\u00b4arriv\u00e9e (obligatoire) <span class=\"wpcf7-form-control-wrap\" data-name=\"datedebut\"><input size=\"40\" maxlength=\"400\" class=\"wpcf7-form-control wpcf7-text wpcf7-validates-as-required walcf7-datepicker\" aria-required=\"true\" aria-invalid=\"false\" placeholder=\"\" value=\"\" type=\"text\" name=\"datedebut\" \/><\/span> au <span class=\"wpcf7-form-control-wrap\" data-name=\"datefin\"><input size=\"40\" maxlength=\"400\" class=\"wpcf7-form-control wpcf7-text wpcf7-validates-as-required walcf7-datepicker\" aria-required=\"true\" aria-invalid=\"false\" placeholder=\"\" value=\"\" type=\"text\" name=\"datefin\" \/><\/span>\n<\/p>\n<p>Votre message et r\u00e9f\u00e9rence du produit voulu<br \/>\n<span class=\"wpcf7-form-control-wrap\" data-name=\"your-message\"><textarea cols=\"40\" rows=\"10\" maxlength=\"2000\" class=\"wpcf7-form-control wpcf7-textarea\" aria-invalid=\"false\" name=\"your-message\"><\/textarea><\/span>\n<\/p>\n<p><span class=\"wpcf7-form-control-wrap\" data-name=\"Confirmation\"><span class=\"wpcf7-form-control wpcf7-acceptance\"><span class=\"wpcf7-list-item\"><label><input type=\"checkbox\" name=\"Confirmation\" value=\"1\" aria-invalid=\"false\" \/><span class=\"wpcf7-list-item-label\">J&rsquo;accepte que mon adresse e-mail soit stock\u00e9e pour apporter une r\u00e9ponse.<\/span><\/label><\/span><\/span><\/span>\n<\/p>\n<p><input class=\"wpcf7-form-control wpcf7-submit has-spinner\" type=\"submit\" value=\"Envoyer\" \/>\n<\/p>\n<div class=\"wpcf7-response-output\" aria-hidden=\"true\"><\/div>\n<\/form>\n<\/div>\n","protected":false},"excerpt":{"rendered":"<p>Poussette double ou simple hauck Freerider Poussette double ou simple 2 enfants jusqu\u2019\u00e0 36kg ou 1 seul Assises face route uniquement Dossier du si\u00e8ge principale inclinable et repose-pieds ajustable Dossier du si\u00e8ge secondaire avec position repos Deuxi\u00e8me si\u00e8ge amovible pour transformer la poussette en poussette simple Guidon r\u00e9glable en hauteur, selon votre taille Barre de [&hellip;]<\/p>\n","protected":false},"author":5,"featured_media":0,"parent":0,"menu_order":0,"comment_status":"closed","ping_status":"closed","template":"template-full.php","meta":{"footnotes":""},"class_list":["post-2550","page","type-page","status-publish","hentry"],"_links":{"self":[{"href":"https:\/\/val-baby.com\/index.php?rest_route=\/wp\/v2\/pages\/2550","targetHints":{"allow":["GET"]}}],"collection":[{"href":"https:\/\/val-baby.com\/index.php?rest_route=\/wp\/v2\/pages"}],"about":[{"href":"https:\/\/val-baby.com\/index.php?rest_route=\/wp\/v2\/types\/page"}],"author":[{"embeddable":true,"href":"https:\/\/val-baby.com\/index.php?rest_route=\/wp\/v2\/users\/5"}],"replies":[{"embeddable":true,"href":"https:\/\/val-baby.com\/index.php?rest_route=%2Fwp%2Fv2%2Fcomments&post=2550"}],"version-history":[{"count":4,"href":"https:\/\/val-baby.com\/index.php?rest_route=\/wp\/v2\/pages\/2550\/revisions"}],"predecessor-version":[{"id":2586,"href":"https:\/\/val-baby.com\/index.php?rest_route=\/wp\/v2\/pages\/2550\/revisions\/2586"}],"wp:attachment":[{"href":"https:\/\/val-baby.com\/index.php?rest_route=%2Fwp%2Fv2%2Fmedia&parent=2550"}],"curies":[{"name":"wp","href":"https:\/\/api.w.org\/{rel}","templated":true}]}}