{"id":146,"date":"2010-12-02T21:22:53","date_gmt":"2010-12-02T20:22:53","guid":{"rendered":"http:\/\/val-baby.com\/?page_id=146"},"modified":"2025-10-06T20:06:14","modified_gmt":"2025-10-06T19:06:14","slug":"chaise-haute","status":"publish","type":"page","link":"https:\/\/val-baby.com\/?page_id=146","title":{"rendered":"R\u00e9hausseur ou Si\u00e8ge de table"},"content":{"rendered":"<table style=\"height: 154px;\" border=\"0\" width=\"881\" cellspacing=\"0\" cellpadding=\"0\">\n<tbody>\n<tr>\n<td valign=\"top\"><a href=\"https:\/\/val-baby.com\/?attachment_id=394\" rel=\"attachment wp-att-394\"><img loading=\"lazy\" decoding=\"async\" class=\"alignnone size-medium wp-image-394\" title=\"Val Baby, location de chaise haute et de r\u00e9hausseur pour b\u00e9b\u00e9 \u00e0 Val d'Is\u00e8re\" src=\"https:\/\/val-baby.com\/wp-content\/uploads\/2025\/10\/chaise-haute-rehausseur-siege-de-table-2.jpg\" alt=\"Val Baby, location de chaise haute et de r\u00e9hausseur pour b\u00e9b\u00e9 \u00e0 Val d'Is\u00e8re\" width=\"300\" height=\"300\" \/><\/a><\/td>\n<td style=\"text-align: left;\" valign=\"top\"><strong>Chaise haute ou R\u00e9hausseur<br \/>\n<\/strong><\/p>\n<p style=\"text-align: left;\">Vers 7 mois, votre enfant commence \u00e0 se tenir assis.<br \/>\nC&rsquo;est le moment de l&rsquo;installer dans une chaise haute ou sur<br \/>\nun rehausseur pour les plus grands. C&rsquo;est l&rsquo;endroit id\u00e9al<br \/>\npour d\u00e9couvrir le monde \u00e0 bonne hauteur.<br \/>\nVous pourrez ainsi le faire patienter ou lui donner \u00e0 manger<br \/>\nsans vous plier. Au d\u00e9but, veillez \u00e0 ce que votre petit n&rsquo;y<br \/>\nreste pas trop longtemps. Et dans tous les cas, ne le<br \/>\nlaissez jamais sans surveillance.<strong><br \/>\nPrix : 7 \u20ac par jour &#8211; 40 \u20ac par semaine<\/strong><br \/>\n<strong>Prix : 5 \u20ac par jour &#8211; 30 \u20ac par semaine<\/strong><\/p>\n<\/td>\n<td style=\"text-align: left;\" valign=\"top\"><\/td>\n<\/tr>\n<\/tbody>\n<\/table>\n<p><strong>R\u00e9servation par Email<\/strong><\/p>\n<div class=\"wpcf7 no-js\" id=\"wpcf7-f539-o1\" lang=\"en-US\" dir=\"ltr\" data-wpcf7-id=\"539\">\n<div class=\"screen-reader-response\">\n<p role=\"status\" aria-live=\"polite\" aria-atomic=\"true\">\n<ul><\/ul>\n<\/div>\n<form action=\"\/index.php?rest_route=%2Fwp%2Fv2%2Fpages%2F146#wpcf7-f539-o1\" method=\"post\" class=\"wpcf7-form init\" aria-label=\"Contact form\" novalidate=\"novalidate\" data-status=\"init\">\n<fieldset class=\"hidden-fields-container\"><input type=\"hidden\" name=\"_wpcf7\" value=\"539\" \/><input type=\"hidden\" name=\"_wpcf7_version\" value=\"6.1.5\" \/><input type=\"hidden\" name=\"_wpcf7_locale\" value=\"en_US\" \/><input type=\"hidden\" name=\"_wpcf7_unit_tag\" value=\"wpcf7-f539-o1\" \/><input type=\"hidden\" name=\"_wpcf7_container_post\" value=\"0\" \/><input type=\"hidden\" name=\"_wpcf7_posted_data_hash\" value=\"\" \/><input type=\"hidden\" name=\"_wpcf7_recaptcha_response\" value=\"\" \/><br \/>\n<\/fieldset>\n<p>Votre Nom \/ Prenom (obligatoire) <span class=\"wpcf7-form-control-wrap\" data-name=\"your-name\"><input size=\"40\" maxlength=\"400\" class=\"wpcf7-form-control wpcf7-text wpcf7-validates-as-required\" aria-required=\"true\" aria-invalid=\"false\" value=\"\" type=\"text\" name=\"your-name\" \/><\/span>\n<\/p>\n<p>Votre Email (obligatoire) <span class=\"wpcf7-form-control-wrap\" data-name=\"your-email\"><input size=\"40\" maxlength=\"400\" class=\"wpcf7-form-control wpcf7-email wpcf7-validates-as-required wpcf7-text wpcf7-validates-as-email\" aria-required=\"true\" aria-invalid=\"false\" value=\"\" type=\"email\" name=\"your-email\" \/><\/span>\n<\/p>\n<p>Date d\u00b4arriv\u00e9e (obligatoire) <span class=\"wpcf7-form-control-wrap\" data-name=\"datedebut\"><input size=\"40\" maxlength=\"400\" class=\"wpcf7-form-control wpcf7-text wpcf7-validates-as-required walcf7-datepicker\" aria-required=\"true\" aria-invalid=\"false\" placeholder=\"\" value=\"\" type=\"text\" name=\"datedebut\" \/><\/span> au <span class=\"wpcf7-form-control-wrap\" data-name=\"datefin\"><input size=\"40\" maxlength=\"400\" class=\"wpcf7-form-control wpcf7-text wpcf7-validates-as-required walcf7-datepicker\" aria-required=\"true\" aria-invalid=\"false\" placeholder=\"\" value=\"\" type=\"text\" name=\"datefin\" \/><\/span>\n<\/p>\n<p>Votre message et r\u00e9f\u00e9rence du produit voulu<br \/>\n<span class=\"wpcf7-form-control-wrap\" data-name=\"your-message\"><textarea cols=\"40\" rows=\"10\" maxlength=\"2000\" class=\"wpcf7-form-control wpcf7-textarea\" aria-invalid=\"false\" name=\"your-message\"><\/textarea><\/span>\n<\/p>\n<p><span class=\"wpcf7-form-control-wrap\" data-name=\"Confirmation\"><span class=\"wpcf7-form-control wpcf7-acceptance\"><span class=\"wpcf7-list-item\"><label><input type=\"checkbox\" name=\"Confirmation\" value=\"1\" aria-invalid=\"false\" \/><span class=\"wpcf7-list-item-label\">J&rsquo;accepte que mon adresse e-mail soit stock\u00e9e pour apporter une r\u00e9ponse.<\/span><\/label><\/span><\/span><\/span>\n<\/p>\n<p><input class=\"wpcf7-form-control wpcf7-submit has-spinner\" type=\"submit\" value=\"Envoyer\" \/>\n<\/p>\n<div class=\"wpcf7-response-output\" aria-hidden=\"true\"><\/div>\n<\/form>\n<\/div>\n","protected":false},"excerpt":{"rendered":"<p>Chaise haute ou R\u00e9hausseur Vers 7 mois, votre enfant commence \u00e0 se tenir assis. C&rsquo;est le moment de l&rsquo;installer dans une chaise haute ou sur un rehausseur pour les plus grands. C&rsquo;est l&rsquo;endroit id\u00e9al pour d\u00e9couvrir le monde \u00e0 bonne hauteur. Vous pourrez ainsi le faire patienter ou lui donner \u00e0 manger sans vous plier. [&hellip;]<\/p>\n","protected":false},"author":2,"featured_media":0,"parent":0,"menu_order":0,"comment_status":"closed","ping_status":"closed","template":"template-full.php","meta":{"footnotes":""},"class_list":["post-146","page","type-page","status-publish","hentry"],"_links":{"self":[{"href":"https:\/\/val-baby.com\/index.php?rest_route=\/wp\/v2\/pages\/146","targetHints":{"allow":["GET"]}}],"collection":[{"href":"https:\/\/val-baby.com\/index.php?rest_route=\/wp\/v2\/pages"}],"about":[{"href":"https:\/\/val-baby.com\/index.php?rest_route=\/wp\/v2\/types\/page"}],"author":[{"embeddable":true,"href":"https:\/\/val-baby.com\/index.php?rest_route=\/wp\/v2\/users\/2"}],"replies":[{"embeddable":true,"href":"https:\/\/val-baby.com\/index.php?rest_route=%2Fwp%2Fv2%2Fcomments&post=146"}],"version-history":[{"count":13,"href":"https:\/\/val-baby.com\/index.php?rest_route=\/wp\/v2\/pages\/146\/revisions"}],"predecessor-version":[{"id":2596,"href":"https:\/\/val-baby.com\/index.php?rest_route=\/wp\/v2\/pages\/146\/revisions\/2596"}],"wp:attachment":[{"href":"https:\/\/val-baby.com\/index.php?rest_route=%2Fwp%2Fv2%2Fmedia&parent=146"}],"curies":[{"name":"wp","href":"https:\/\/api.w.org\/{rel}","templated":true}]}}