{"id":142,"date":"2010-12-02T21:22:13","date_gmt":"2010-12-02T20:22:13","guid":{"rendered":"http:\/\/val-baby.com\/?page_id=142"},"modified":"2022-07-15T17:31:11","modified_gmt":"2022-07-15T16:31:11","slug":"poussette","status":"publish","type":"page","link":"https:\/\/val-baby.com\/?page_id=142","title":{"rendered":"Poussette 3 roues RED CASTLE"},"content":{"rendered":"<table style=\"height: 154px;\" border=\"0\" width=\"881\" cellspacing=\"0\" cellpadding=\"0\">\n<tbody>\n<tr>\n<td valign=\"top\"><a href=\"https:\/\/val-baby.com\/?attachment_id=426\" rel=\"attachment wp-att-426\"><img loading=\"lazy\" decoding=\"async\" class=\"alignnone size-medium wp-image-426\" title=\"Val Baby, location de pousette sur Val d'Is\u00e8re\" src=\"https:\/\/val-baby.com\/wp-content\/uploads\/2012\/10\/ValBaby-location-pousette-300x300.jpg\" alt=\"Val Baby, location de pousette sur Val d'Is\u00e8re\" width=\"300\" height=\"300\" srcset=\"https:\/\/val-baby.com\/wp-content\/uploads\/2012\/10\/ValBaby-location-pousette-300x300.jpg 300w, https:\/\/val-baby.com\/wp-content\/uploads\/2012\/10\/ValBaby-location-pousette-150x150.jpg 150w, https:\/\/val-baby.com\/wp-content\/uploads\/2012\/10\/ValBaby-location-pousette.jpg 500w\" sizes=\"auto, (max-width: 300px) 100vw, 300px\" \/><\/a><br \/>\n&nbsp;<\/td>\n<td style=\"text-align: left;\" valign=\"top\"><strong>Poussette 3 roues RED CASTLE<\/strong><br \/>\nLa poussette tout-terrain par excellence, la Shop\u2019n Jogg&#x2122; Disc II vous suivra partout : montagne, plage, campagne&#8230; mais aussi en ville.<br \/>\nDestin\u00e9e sp\u00e9cialement aux familles sportives, elle poss\u00e8de les \u00e9quipements n\u00e9cessaires \u00e0 toutes les balades, m\u00eame en terrain accident\u00e9. Avec son ch\u00e2ssis et ses jantes en aluminium, ses rayons et moyeux en acier inoxydable, elle est con\u00e7ue dans des mat\u00e9riaux l\u00e9gers et r\u00e9sistants.<br \/>\nS\u00e9curisante, elle est \u00e9quip\u00e9e d&rsquo;une lani\u00e8re qui s&rsquo;attache au poignet et d&rsquo;un frein au guidon (reli\u00e9 au frein ralentisseur \u00e0 disque de la roue avant) pour la retenir dans les descentes. Le confort de l\u2019enfant n\u2019est pas pour autant oubli\u00e9 : le large repose pieds ajustable en hauteur (3 positions) offre une v\u00e9ritable aire de confort pour les jambes de b\u00e9b\u00e9 tout en s&rsquo;adaptant \u00e0 sa croissance. Par ailleurs son dossier inclinable en 3 positions et son coussin r\u00e9versible \u00e9t\u00e9\/hiver lui permettent d\u2019\u00eatre parfaitement install\u00e9 pour suivre ses parents dans toutes leurs activit\u00e9s. Le prot\u00e8ge pluie peut \u00e9galement servir de \u00ab prot\u00e8ge vent \u00bb car en ouvrant la grande fen\u00eatre sur l\u2019avant les c\u00f4t\u00e9s rigides restent en place pour prot\u00e9ger l\u2019enfant des vents lat\u00e9raux.<br \/>\n<strong>Prix : 20 \u20ac par jour &#8211; 100 \u20ac par semaine<\/strong><\/td>\n<td style=\"text-align: left;\" valign=\"top\"><\/td>\n<\/tr>\n<\/tbody>\n<\/table>\n<p><strong>R\u00e9servation par Email<\/strong><\/p>\n<div class=\"wpcf7 no-js\" id=\"wpcf7-f539-o1\" lang=\"en-US\" dir=\"ltr\" data-wpcf7-id=\"539\">\n<div class=\"screen-reader-response\">\n<p role=\"status\" aria-live=\"polite\" aria-atomic=\"true\">\n<ul><\/ul>\n<\/div>\n<form action=\"\/index.php?rest_route=%2Fwp%2Fv2%2Fpages%2F142#wpcf7-f539-o1\" method=\"post\" class=\"wpcf7-form init\" aria-label=\"Contact form\" novalidate=\"novalidate\" data-status=\"init\">\n<fieldset class=\"hidden-fields-container\"><input type=\"hidden\" name=\"_wpcf7\" value=\"539\" \/><input type=\"hidden\" name=\"_wpcf7_version\" value=\"6.1.5\" \/><input type=\"hidden\" name=\"_wpcf7_locale\" value=\"en_US\" \/><input type=\"hidden\" name=\"_wpcf7_unit_tag\" value=\"wpcf7-f539-o1\" \/><input type=\"hidden\" name=\"_wpcf7_container_post\" value=\"0\" \/><input type=\"hidden\" name=\"_wpcf7_posted_data_hash\" value=\"\" \/><input type=\"hidden\" name=\"_wpcf7_recaptcha_response\" value=\"\" \/><br \/>\n<\/fieldset>\n<p>Votre Nom \/ Prenom (obligatoire) <span class=\"wpcf7-form-control-wrap\" data-name=\"your-name\"><input size=\"40\" maxlength=\"400\" class=\"wpcf7-form-control wpcf7-text wpcf7-validates-as-required\" aria-required=\"true\" aria-invalid=\"false\" value=\"\" type=\"text\" name=\"your-name\" \/><\/span>\n<\/p>\n<p>Votre Email (obligatoire) <span class=\"wpcf7-form-control-wrap\" data-name=\"your-email\"><input size=\"40\" maxlength=\"400\" class=\"wpcf7-form-control wpcf7-email wpcf7-validates-as-required wpcf7-text wpcf7-validates-as-email\" aria-required=\"true\" aria-invalid=\"false\" value=\"\" type=\"email\" name=\"your-email\" \/><\/span>\n<\/p>\n<p>Date d\u00b4arriv\u00e9e (obligatoire) <span class=\"wpcf7-form-control-wrap\" data-name=\"datedebut\"><input size=\"40\" maxlength=\"400\" class=\"wpcf7-form-control wpcf7-text wpcf7-validates-as-required walcf7-datepicker\" aria-required=\"true\" aria-invalid=\"false\" placeholder=\"\" value=\"\" type=\"text\" name=\"datedebut\" \/><\/span> au <span class=\"wpcf7-form-control-wrap\" data-name=\"datefin\"><input size=\"40\" maxlength=\"400\" class=\"wpcf7-form-control wpcf7-text wpcf7-validates-as-required walcf7-datepicker\" aria-required=\"true\" aria-invalid=\"false\" placeholder=\"\" value=\"\" type=\"text\" name=\"datefin\" \/><\/span>\n<\/p>\n<p>Votre message et r\u00e9f\u00e9rence du produit voulu<br \/>\n<span class=\"wpcf7-form-control-wrap\" data-name=\"your-message\"><textarea cols=\"40\" rows=\"10\" maxlength=\"2000\" class=\"wpcf7-form-control wpcf7-textarea\" aria-invalid=\"false\" name=\"your-message\"><\/textarea><\/span>\n<\/p>\n<p><span class=\"wpcf7-form-control-wrap\" data-name=\"Confirmation\"><span class=\"wpcf7-form-control wpcf7-acceptance\"><span class=\"wpcf7-list-item\"><label><input type=\"checkbox\" name=\"Confirmation\" value=\"1\" aria-invalid=\"false\" \/><span class=\"wpcf7-list-item-label\">J&rsquo;accepte que mon adresse e-mail soit stock\u00e9e pour apporter une r\u00e9ponse.<\/span><\/label><\/span><\/span><\/span>\n<\/p>\n<p><input class=\"wpcf7-form-control wpcf7-submit has-spinner\" type=\"submit\" value=\"Envoyer\" \/>\n<\/p>\n<div class=\"wpcf7-response-output\" aria-hidden=\"true\"><\/div>\n<\/form>\n<\/div>\n","protected":false},"excerpt":{"rendered":"<p>&nbsp; Poussette 3 roues RED CASTLE La poussette tout-terrain par excellence, la Shop\u2019n Jogg&#x2122; Disc II vous suivra partout : montagne, plage, campagne&#8230; mais aussi en ville. Destin\u00e9e sp\u00e9cialement aux familles sportives, elle poss\u00e8de les \u00e9quipements n\u00e9cessaires \u00e0 toutes les balades, m\u00eame en terrain accident\u00e9. Avec son ch\u00e2ssis et ses jantes en aluminium, ses rayons [&hellip;]<\/p>\n","protected":false},"author":2,"featured_media":0,"parent":0,"menu_order":0,"comment_status":"closed","ping_status":"open","template":"template-full.php","meta":{"footnotes":""},"class_list":["post-142","page","type-page","status-publish","hentry"],"_links":{"self":[{"href":"https:\/\/val-baby.com\/index.php?rest_route=\/wp\/v2\/pages\/142","targetHints":{"allow":["GET"]}}],"collection":[{"href":"https:\/\/val-baby.com\/index.php?rest_route=\/wp\/v2\/pages"}],"about":[{"href":"https:\/\/val-baby.com\/index.php?rest_route=\/wp\/v2\/types\/page"}],"author":[{"embeddable":true,"href":"https:\/\/val-baby.com\/index.php?rest_route=\/wp\/v2\/users\/2"}],"replies":[{"embeddable":true,"href":"https:\/\/val-baby.com\/index.php?rest_route=%2Fwp%2Fv2%2Fcomments&post=142"}],"version-history":[{"count":3,"href":"https:\/\/val-baby.com\/index.php?rest_route=\/wp\/v2\/pages\/142\/revisions"}],"predecessor-version":[{"id":1402,"href":"https:\/\/val-baby.com\/index.php?rest_route=\/wp\/v2\/pages\/142\/revisions\/1402"}],"wp:attachment":[{"href":"https:\/\/val-baby.com\/index.php?rest_route=%2Fwp%2Fv2%2Fmedia&parent=142"}],"curies":[{"name":"wp","href":"https:\/\/api.w.org\/{rel}","templated":true}]}}